{"id":8575,"date":"2019-05-10T14:49:04","date_gmt":"2019-05-10T12:49:04","guid":{"rendered":"http:\/\/fiets-o-fit.divi-test.nl\/disclaimer\/"},"modified":"2019-05-10T14:55:47","modified_gmt":"2019-05-10T12:55:47","slug":"haftungsausschluss","status":"publish","type":"page","link":"https:\/\/fiets-o-fit.nl\/de\/haftungsausschluss\/","title":{"rendered":"Disclaimer"},"content":{"rendered":"<section class=\"l-section wpb_row height_auto\"><div class=\"l-section-h i-cf\"><div class=\"g-cols vc_row via_flex valign_top type_boxes stacking_default\"><div class=\"vc_col-sm-12 wpb_column vc_column_container\"><div class=\"vc_column-inner\"><div class=\"wpb_wrapper\"><div id=\"ultimate-heading-242369de4136a77a4\" class=\"uvc-heading ult-adjust-bottom-margin ultimate-heading-242369de4136a77a4 uvc-7528 \" data-hspacer=\"no_spacer\"  data-halign=\"left\" style=\"text-align:left\"><div class=\"uvc-heading-spacer no_spacer\" style=\"top\"><\/div><div class=\"uvc-main-heading ult-responsive\"  data-ultimate-target='.uvc-heading.ultimate-heading-242369de4136a77a4 h4'  data-responsive-json-new='{\"font-size\":\"\",\"line-height\":\"\"}' ><h4 style=\"font-family:&#039;Montserrat&#039;;font-weight:700;margin-bottom:32px;\">Haftungsausschluss<\/h4><\/div><\/div><div class=\"wpb_text_column\"><div class=\"wpb_wrapper\"><p>Die auf dieser Webseite gezeigten Informationen werden zwar mit gro\u00dfer Sorgfalt durch Fiets-O-Fit BV zusammengestellt, f\u00fcr die Richtigkeit und Vollst\u00e4ndigkeit kann aber nicht garantiert werden. Fiets-O-Fit BV gibt Informationen \u00fcber Produkte und Dienstleistungen, die von Fiets-O-Fit BV angeboten werden. \u00c4nderungen ohne vorherige Ank\u00fcndigungen k\u00f6nnen vorgenommen werden.<\/p>\n<p>Fiets-O-Fit BV \u00fcbernimmt keinerlei Haftung, sollte diese Webseite eventuell nicht ausreichend funktionieren. Bike Emotions \u00fcbernimmt keinerlei Haftung f\u00fcr M\u00e4ngel oder Unvollst\u00e4ndigkeiten der auf der Webseite von Fiets-O-Fit BV aufgenommenen Informationen und Tarife.<\/p>\n<p>Obwohl Fiets-O-Fit BV alles in seiner Macht stehende tut, um Missbrauch zu verhindern, ist Fiets-O-Fit BV nicht f\u00fcr die Richtigkeit der Informationen bzw. Berichte verantwortlich, die von Nutzern dieser Webseite via Internet ver\u00f6ffentlicht werden.<\/p>\n<p>Verweisungen auf Webseiten, die nicht von Fiets-O-Fit BV unterhalten werden, dienen nur zwecks Information f\u00fcr den Besucher. Obwohl Fiets-O-Fit BV die Webseiten \u00e4u\u00dferst streng ausw\u00e4hlt, auf die verwiesen wird, kann weder f\u00fcr den Inhalt, noch f\u00fcr die Funktion, noch f\u00fcr die Qualit\u00e4t m\u00f6glicher Produkte\/Dienstleistungen die angeboten werden, garantiert werden. Es wird keinerlei Haftung f\u00fcr die Webseiten die nicht von Fiets-O-Fit BV unterhalten werden \u00fcbernommen.<\/p>\n<\/div><\/div><\/div><\/div><\/div><\/div><\/div><\/section>\n","protected":false},"excerpt":{"rendered":"HaftungsausschlussDie auf dieser Webseite gezeigten Informationen werden zwar mit gro\u00dfer Sorgfalt durch Fiets-O-Fit BV zusammengestellt, f\u00fcr die Richtigkeit und Vollst\u00e4ndigkeit kann aber nicht garantiert werden. Fiets-O-Fit BV gibt Informationen \u00fcber Produkte und Dienstleistungen, die von Fiets-O-Fit BV angeboten werden. \u00c4nderungen ohne vorherige Ank\u00fcndigungen k\u00f6nnen vorgenommen werden. Fiets-O-Fit BV \u00fcbernimmt keinerlei Haftung, sollte diese Webseite eventuell...","protected":false},"author":1,"featured_media":0,"parent":0,"menu_order":0,"comment_status":"closed","ping_status":"closed","template":"","meta":{"_acf_changed":false,"footnotes":""},"class_list":["post-8575","page","type-page","status-publish","hentry"],"acf":[],"yoast_head":"<!-- This site is optimized with the Yoast SEO plugin v27.3 - https:\/\/yoast.com\/product\/yoast-seo-wordpress\/ -->\n<title>Disclaimer - Fiets-O-Fit<\/title>\n<meta name=\"robots\" content=\"index, follow, max-snippet:-1, max-image-preview:large, max-video-preview:-1\" \/>\n<link rel=\"canonical\" href=\"https:\/\/fiets-o-fit.nl\/de\/haftungsausschluss\/\" \/>\n<meta property=\"og:locale\" content=\"de_DE\" \/>\n<meta property=\"og:type\" content=\"article\" \/>\n<meta property=\"og:title\" content=\"Disclaimer - Fiets-O-Fit\" \/>\n<meta property=\"og:url\" content=\"https:\/\/fiets-o-fit.nl\/de\/haftungsausschluss\/\" \/>\n<meta property=\"og:site_name\" content=\"Fiets-O-Fit\" \/>\n<meta property=\"article:modified_time\" content=\"2019-05-10T12:55:47+00:00\" \/>\n<meta name=\"twitter:card\" content=\"summary_large_image\" \/>\n<meta name=\"twitter:label1\" content=\"Gesch\u00e4tzte Lesezeit\" \/>\n\t<meta name=\"twitter:data1\" content=\"1\u00a0Minute\" \/>\n<script type=\"application\/ld+json\" class=\"yoast-schema-graph\">{\"@context\":\"https:\\\/\\\/schema.org\",\"@graph\":[{\"@type\":\"WebPage\",\"@id\":\"https:\\\/\\\/fiets-o-fit.nl\\\/de\\\/haftungsausschluss\\\/\",\"url\":\"https:\\\/\\\/fiets-o-fit.nl\\\/de\\\/haftungsausschluss\\\/\",\"name\":\"Disclaimer - Fiets-O-Fit\",\"isPartOf\":{\"@id\":\"https:\\\/\\\/fiets-o-fit.nl\\\/de\\\/#website\"},\"datePublished\":\"2019-05-10T12:49:04+00:00\",\"dateModified\":\"2019-05-10T12:55:47+00:00\",\"breadcrumb\":{\"@id\":\"https:\\\/\\\/fiets-o-fit.nl\\\/de\\\/haftungsausschluss\\\/#breadcrumb\"},\"inLanguage\":\"de\",\"potentialAction\":[{\"@type\":\"ReadAction\",\"target\":[\"https:\\\/\\\/fiets-o-fit.nl\\\/de\\\/haftungsausschluss\\\/\"]}]},{\"@type\":\"BreadcrumbList\",\"@id\":\"https:\\\/\\\/fiets-o-fit.nl\\\/de\\\/haftungsausschluss\\\/#breadcrumb\",\"itemListElement\":[{\"@type\":\"ListItem\",\"position\":1,\"name\":\"Home\",\"item\":\"https:\\\/\\\/fiets-o-fit.nl\\\/de\\\/\"},{\"@type\":\"ListItem\",\"position\":2,\"name\":\"Disclaimer\"}]},{\"@type\":\"WebSite\",\"@id\":\"https:\\\/\\\/fiets-o-fit.nl\\\/de\\\/#website\",\"url\":\"https:\\\/\\\/fiets-o-fit.nl\\\/de\\\/\",\"name\":\"Fiets-O-Fit\",\"description\":\"Internationale Groothandel in o.a. smeermiddelen en fietsonderdelen\",\"potentialAction\":[{\"@type\":\"SearchAction\",\"target\":{\"@type\":\"EntryPoint\",\"urlTemplate\":\"https:\\\/\\\/fiets-o-fit.nl\\\/de\\\/?s={search_term_string}\"},\"query-input\":{\"@type\":\"PropertyValueSpecification\",\"valueRequired\":true,\"valueName\":\"search_term_string\"}}],\"inLanguage\":\"de\"}]}<\/script>\n<!-- \/ Yoast SEO plugin. -->","yoast_head_json":{"title":"Disclaimer - Fiets-O-Fit","robots":{"index":"index","follow":"follow","max-snippet":"max-snippet:-1","max-image-preview":"max-image-preview:large","max-video-preview":"max-video-preview:-1"},"canonical":"https:\/\/fiets-o-fit.nl\/de\/haftungsausschluss\/","og_locale":"de_DE","og_type":"article","og_title":"Disclaimer - Fiets-O-Fit","og_url":"https:\/\/fiets-o-fit.nl\/de\/haftungsausschluss\/","og_site_name":"Fiets-O-Fit","article_modified_time":"2019-05-10T12:55:47+00:00","twitter_card":"summary_large_image","twitter_misc":{"Gesch\u00e4tzte Lesezeit":"1\u00a0Minute"},"schema":{"@context":"https:\/\/schema.org","@graph":[{"@type":"WebPage","@id":"https:\/\/fiets-o-fit.nl\/de\/haftungsausschluss\/","url":"https:\/\/fiets-o-fit.nl\/de\/haftungsausschluss\/","name":"Disclaimer - Fiets-O-Fit","isPartOf":{"@id":"https:\/\/fiets-o-fit.nl\/de\/#website"},"datePublished":"2019-05-10T12:49:04+00:00","dateModified":"2019-05-10T12:55:47+00:00","breadcrumb":{"@id":"https:\/\/fiets-o-fit.nl\/de\/haftungsausschluss\/#breadcrumb"},"inLanguage":"de","potentialAction":[{"@type":"ReadAction","target":["https:\/\/fiets-o-fit.nl\/de\/haftungsausschluss\/"]}]},{"@type":"BreadcrumbList","@id":"https:\/\/fiets-o-fit.nl\/de\/haftungsausschluss\/#breadcrumb","itemListElement":[{"@type":"ListItem","position":1,"name":"Home","item":"https:\/\/fiets-o-fit.nl\/de\/"},{"@type":"ListItem","position":2,"name":"Disclaimer"}]},{"@type":"WebSite","@id":"https:\/\/fiets-o-fit.nl\/de\/#website","url":"https:\/\/fiets-o-fit.nl\/de\/","name":"Fiets-O-Fit","description":"Internationale Groothandel in o.a. smeermiddelen en fietsonderdelen","potentialAction":[{"@type":"SearchAction","target":{"@type":"EntryPoint","urlTemplate":"https:\/\/fiets-o-fit.nl\/de\/?s={search_term_string}"},"query-input":{"@type":"PropertyValueSpecification","valueRequired":true,"valueName":"search_term_string"}}],"inLanguage":"de"}]}},"_links":{"self":[{"href":"https:\/\/fiets-o-fit.nl\/de\/wp-json\/wp\/v2\/pages\/8575","targetHints":{"allow":["GET"]}}],"collection":[{"href":"https:\/\/fiets-o-fit.nl\/de\/wp-json\/wp\/v2\/pages"}],"about":[{"href":"https:\/\/fiets-o-fit.nl\/de\/wp-json\/wp\/v2\/types\/page"}],"author":[{"embeddable":true,"href":"https:\/\/fiets-o-fit.nl\/de\/wp-json\/wp\/v2\/users\/1"}],"replies":[{"embeddable":true,"href":"https:\/\/fiets-o-fit.nl\/de\/wp-json\/wp\/v2\/comments?post=8575"}],"version-history":[{"count":0,"href":"https:\/\/fiets-o-fit.nl\/de\/wp-json\/wp\/v2\/pages\/8575\/revisions"}],"wp:attachment":[{"href":"https:\/\/fiets-o-fit.nl\/de\/wp-json\/wp\/v2\/media?parent=8575"}],"curies":[{"name":"wp","href":"https:\/\/api.w.org\/{rel}","templated":true}]}}