{"id":8578,"date":"2019-05-10T14:49:04","date_gmt":"2019-05-10T12:49:04","guid":{"rendered":"http:\/\/fiets-o-fit.divi-test.nl\/disclaimer\/"},"modified":"2019-05-10T14:58:04","modified_gmt":"2019-05-10T12:58:04","slug":"clause-de-non-responsabilite","status":"publish","type":"page","link":"https:\/\/fiets-o-fit.nl\/fr\/clause-de-non-responsabilite\/","title":{"rendered":"Disclaimer"},"content":{"rendered":"<section class=\"l-section wpb_row height_auto\"><div class=\"l-section-h i-cf\"><div class=\"g-cols vc_row via_flex valign_top type_boxes stacking_default\"><div class=\"vc_col-sm-12 wpb_column vc_column_container\"><div class=\"vc_column-inner\"><div class=\"wpb_wrapper\"><div id=\"ultimate-heading-494669daf266c05d0\" class=\"uvc-heading ult-adjust-bottom-margin ultimate-heading-494669daf266c05d0 uvc-9347 \" data-hspacer=\"no_spacer\"  data-halign=\"left\" style=\"text-align:left\"><div class=\"uvc-heading-spacer no_spacer\" style=\"top\"><\/div><div class=\"uvc-main-heading ult-responsive\"  data-ultimate-target='.uvc-heading.ultimate-heading-494669daf266c05d0 h4'  data-responsive-json-new='{\"font-size\":\"\",\"line-height\":\"\"}' ><h4 style=\"font-family:&#039;Montserrat&#039;;font-weight:700;margin-bottom:32px;\">Clause de non-responsabilite<\/h4><\/div><\/div><div class=\"wpb_text_column\"><div class=\"wpb_wrapper\"><p>Les informations pr\u00e9sent\u00e9es sur le site sont r\u00e9dig\u00e9es avec soin par Fiets-O-Fit BV, mais nous ne pouvons n\u00e9anmoins pas garantir leur exactitude et leur exhaustivit\u00e9. \u00c0 l\u2019aide de ces informations, Fiets-O-Fit BV donne des pr\u00e9cisions sur les produits et services qu\u2019elle propose. Des modifications peuvent \u00eatre apport\u00e9es sans avis pr\u00e9alable.<\/p>\n<p>Fiets-O-Fit BV n\u2019endosse aucune responsabilit\u00e9 pour l\u2019\u00e9ventuel dysfonctionnement de ce site Web. Bike Emotions n\u2019endosse aucune responsabilit\u00e9 pour les inexactitudes ou lacunes dans les informations et tarifs affich\u00e9s sur le site Web de Fiets-O-Fit BV.<\/p>\n<p>Bien que Fiets-O-Fit BV met tout en \u0153uvre pour \u00e9viter les abus, Fiets-O-Fit BV n\u2019endosse aucune responsabilit\u00e9 pour les informations et\/ou messages envoy\u00e9s via Internet par les utilisateurs du site Web.<\/p>\n<p>Les r\u00e9f\u00e9rences vers les sites dont la maintenance\u00a0 n\u2019est pas assur\u00e9e par Fiets-O-Fit BV sont uniquement incluses \u00e0 titre informatif pour le visiteur. Bien que Fiets-O-Fit BV est extr\u00eamement s\u00e9lective vis-\u00e0-vis des sites Web vers lesquels il est fait r\u00e9f\u00e9rence, elle ne peut pas en garantir le contenu ou le fonctionnement, ni garantir la qualit\u00e9 des \u00e9ventuels produits et\/ou services propos\u00e9s sur ceux-ci. Fiets-O-Fit BV n\u2019endosse aucune responsabilit\u00e9 concernant les sites dont elle n\u2019assure pas la maintenance.<\/p>\n<\/div><\/div><\/div><\/div><\/div><\/div><\/div><\/section>\n","protected":false},"excerpt":{"rendered":"Clause de non-responsabiliteLes informations pr\u00e9sent\u00e9es sur le site sont r\u00e9dig\u00e9es avec soin par Fiets-O-Fit BV, mais nous ne pouvons n\u00e9anmoins pas garantir leur exactitude et leur exhaustivit\u00e9. \u00c0 l\u2019aide de ces informations, Fiets-O-Fit BV donne des pr\u00e9cisions sur les produits et services qu\u2019elle propose. Des modifications peuvent \u00eatre apport\u00e9es sans avis pr\u00e9alable. Fiets-O-Fit BV n\u2019endosse...","protected":false},"author":1,"featured_media":0,"parent":0,"menu_order":0,"comment_status":"closed","ping_status":"closed","template":"","meta":{"_acf_changed":false,"footnotes":""},"class_list":["post-8578","page","type-page","status-publish","hentry"],"acf":[],"yoast_head":"<!-- This site is optimized with the Yoast SEO plugin v27.3 - https:\/\/yoast.com\/product\/yoast-seo-wordpress\/ -->\n<title>Disclaimer - Fiets-O-Fit<\/title>\n<meta name=\"robots\" content=\"index, follow, max-snippet:-1, max-image-preview:large, max-video-preview:-1\" \/>\n<link rel=\"canonical\" href=\"https:\/\/fiets-o-fit.nl\/fr\/clause-de-non-responsabilite\/\" \/>\n<meta property=\"og:locale\" content=\"fr_FR\" \/>\n<meta property=\"og:type\" content=\"article\" \/>\n<meta property=\"og:title\" content=\"Disclaimer - Fiets-O-Fit\" \/>\n<meta property=\"og:url\" content=\"https:\/\/fiets-o-fit.nl\/fr\/clause-de-non-responsabilite\/\" \/>\n<meta property=\"og:site_name\" content=\"Fiets-O-Fit\" \/>\n<meta property=\"article:modified_time\" content=\"2019-05-10T12:58:04+00:00\" \/>\n<meta name=\"twitter:card\" content=\"summary_large_image\" \/>\n<meta name=\"twitter:label1\" content=\"Dur\u00e9e de lecture estim\u00e9e\" \/>\n\t<meta name=\"twitter:data1\" content=\"1 minute\" \/>\n<script type=\"application\/ld+json\" class=\"yoast-schema-graph\">{\"@context\":\"https:\\\/\\\/schema.org\",\"@graph\":[{\"@type\":\"WebPage\",\"@id\":\"https:\\\/\\\/fiets-o-fit.nl\\\/fr\\\/clause-de-non-responsabilite\\\/\",\"url\":\"https:\\\/\\\/fiets-o-fit.nl\\\/fr\\\/clause-de-non-responsabilite\\\/\",\"name\":\"Disclaimer - Fiets-O-Fit\",\"isPartOf\":{\"@id\":\"https:\\\/\\\/fiets-o-fit.nl\\\/de\\\/#website\"},\"datePublished\":\"2019-05-10T12:49:04+00:00\",\"dateModified\":\"2019-05-10T12:58:04+00:00\",\"breadcrumb\":{\"@id\":\"https:\\\/\\\/fiets-o-fit.nl\\\/fr\\\/clause-de-non-responsabilite\\\/#breadcrumb\"},\"inLanguage\":\"fr-FR\",\"potentialAction\":[{\"@type\":\"ReadAction\",\"target\":[\"https:\\\/\\\/fiets-o-fit.nl\\\/fr\\\/clause-de-non-responsabilite\\\/\"]}]},{\"@type\":\"BreadcrumbList\",\"@id\":\"https:\\\/\\\/fiets-o-fit.nl\\\/fr\\\/clause-de-non-responsabilite\\\/#breadcrumb\",\"itemListElement\":[{\"@type\":\"ListItem\",\"position\":1,\"name\":\"Home\",\"item\":\"https:\\\/\\\/fiets-o-fit.nl\\\/fr\\\/\"},{\"@type\":\"ListItem\",\"position\":2,\"name\":\"Disclaimer\"}]},{\"@type\":\"WebSite\",\"@id\":\"https:\\\/\\\/fiets-o-fit.nl\\\/de\\\/#website\",\"url\":\"https:\\\/\\\/fiets-o-fit.nl\\\/de\\\/\",\"name\":\"Fiets-O-Fit\",\"description\":\"Internationale Groothandel in o.a. smeermiddelen en fietsonderdelen\",\"potentialAction\":[{\"@type\":\"SearchAction\",\"target\":{\"@type\":\"EntryPoint\",\"urlTemplate\":\"https:\\\/\\\/fiets-o-fit.nl\\\/de\\\/?s={search_term_string}\"},\"query-input\":{\"@type\":\"PropertyValueSpecification\",\"valueRequired\":true,\"valueName\":\"search_term_string\"}}],\"inLanguage\":\"fr-FR\"}]}<\/script>\n<!-- \/ Yoast SEO plugin. -->","yoast_head_json":{"title":"Disclaimer - Fiets-O-Fit","robots":{"index":"index","follow":"follow","max-snippet":"max-snippet:-1","max-image-preview":"max-image-preview:large","max-video-preview":"max-video-preview:-1"},"canonical":"https:\/\/fiets-o-fit.nl\/fr\/clause-de-non-responsabilite\/","og_locale":"fr_FR","og_type":"article","og_title":"Disclaimer - Fiets-O-Fit","og_url":"https:\/\/fiets-o-fit.nl\/fr\/clause-de-non-responsabilite\/","og_site_name":"Fiets-O-Fit","article_modified_time":"2019-05-10T12:58:04+00:00","twitter_card":"summary_large_image","twitter_misc":{"Dur\u00e9e de lecture estim\u00e9e":"1 minute"},"schema":{"@context":"https:\/\/schema.org","@graph":[{"@type":"WebPage","@id":"https:\/\/fiets-o-fit.nl\/fr\/clause-de-non-responsabilite\/","url":"https:\/\/fiets-o-fit.nl\/fr\/clause-de-non-responsabilite\/","name":"Disclaimer - Fiets-O-Fit","isPartOf":{"@id":"https:\/\/fiets-o-fit.nl\/de\/#website"},"datePublished":"2019-05-10T12:49:04+00:00","dateModified":"2019-05-10T12:58:04+00:00","breadcrumb":{"@id":"https:\/\/fiets-o-fit.nl\/fr\/clause-de-non-responsabilite\/#breadcrumb"},"inLanguage":"fr-FR","potentialAction":[{"@type":"ReadAction","target":["https:\/\/fiets-o-fit.nl\/fr\/clause-de-non-responsabilite\/"]}]},{"@type":"BreadcrumbList","@id":"https:\/\/fiets-o-fit.nl\/fr\/clause-de-non-responsabilite\/#breadcrumb","itemListElement":[{"@type":"ListItem","position":1,"name":"Home","item":"https:\/\/fiets-o-fit.nl\/fr\/"},{"@type":"ListItem","position":2,"name":"Disclaimer"}]},{"@type":"WebSite","@id":"https:\/\/fiets-o-fit.nl\/de\/#website","url":"https:\/\/fiets-o-fit.nl\/de\/","name":"Fiets-O-Fit","description":"Internationale Groothandel in o.a. smeermiddelen en fietsonderdelen","potentialAction":[{"@type":"SearchAction","target":{"@type":"EntryPoint","urlTemplate":"https:\/\/fiets-o-fit.nl\/de\/?s={search_term_string}"},"query-input":{"@type":"PropertyValueSpecification","valueRequired":true,"valueName":"search_term_string"}}],"inLanguage":"fr-FR"}]}},"_links":{"self":[{"href":"https:\/\/fiets-o-fit.nl\/fr\/wp-json\/wp\/v2\/pages\/8578","targetHints":{"allow":["GET"]}}],"collection":[{"href":"https:\/\/fiets-o-fit.nl\/fr\/wp-json\/wp\/v2\/pages"}],"about":[{"href":"https:\/\/fiets-o-fit.nl\/fr\/wp-json\/wp\/v2\/types\/page"}],"author":[{"embeddable":true,"href":"https:\/\/fiets-o-fit.nl\/fr\/wp-json\/wp\/v2\/users\/1"}],"replies":[{"embeddable":true,"href":"https:\/\/fiets-o-fit.nl\/fr\/wp-json\/wp\/v2\/comments?post=8578"}],"version-history":[{"count":0,"href":"https:\/\/fiets-o-fit.nl\/fr\/wp-json\/wp\/v2\/pages\/8578\/revisions"}],"wp:attachment":[{"href":"https:\/\/fiets-o-fit.nl\/fr\/wp-json\/wp\/v2\/media?parent=8578"}],"curies":[{"name":"wp","href":"https:\/\/api.w.org\/{rel}","templated":true}]}}