{"id":8585,"date":"2019-05-10T15:04:19","date_gmt":"2019-05-10T13:04:19","guid":{"rendered":"http:\/\/fiets-o-fit.divi-test.nl\/algemene-voorwaarden\/"},"modified":"2019-05-10T15:08:00","modified_gmt":"2019-05-10T13:08:00","slug":"conditions-generales","status":"publish","type":"page","link":"https:\/\/fiets-o-fit.nl\/fr\/conditions-generales\/","title":{"rendered":"Algemene voorwaarden"},"content":{"rendered":"<section class=\"l-section wpb_row height_auto\"><div class=\"l-section-h i-cf\"><div class=\"g-cols vc_row via_flex valign_top type_boxes stacking_default\"><div class=\"vc_col-sm-12 wpb_column vc_column_container\"><div class=\"vc_column-inner\"><div class=\"wpb_wrapper\"><div id=\"ultimate-heading-408069e683dc5ac3d\" class=\"uvc-heading ult-adjust-bottom-margin ultimate-heading-408069e683dc5ac3d uvc-4120 \" data-hspacer=\"no_spacer\"  data-halign=\"left\" style=\"text-align:left\"><div class=\"uvc-heading-spacer no_spacer\" style=\"top\"><\/div><div class=\"uvc-main-heading ult-responsive\"  data-ultimate-target='.uvc-heading.ultimate-heading-408069e683dc5ac3d h4'  data-responsive-json-new='{\"font-size\":\"\",\"line-height\":\"\"}' ><h4 style=\"font-family:&#039;Montserrat&#039;;font-weight:700;margin-bottom:32px;\">Conditions generales<\/h4><\/div><\/div><div class=\"wpb_text_column\"><div class=\"wpb_wrapper\"><p>Nos conditions g\u00e9n\u00e9rales d\u2019achat et de vente, d\u00e9pos\u00e9es au greffe du tribunal de l\u2019arrondissement de Leeuwarden sous le num\u00e9ro 01155253 s\u2019appliquent \u00e0 tous nos devis et livraisons.<\/p>\n<p>Fiets-O-Fit BV fournit exclusivement des entreprises inscrites aupr\u00e8s de la chambre de commerce.<\/p>\n<p>Sur demande, les conditions de livraison sont envoy\u00e9es gracieusement.<\/p>\n<\/div><\/div><\/div><\/div><\/div><\/div><\/div><\/section>\n","protected":false},"excerpt":{"rendered":"Conditions generalesNos conditions g\u00e9n\u00e9rales d\u2019achat et de vente, d\u00e9pos\u00e9es au greffe du tribunal de l\u2019arrondissement de Leeuwarden sous le num\u00e9ro 01155253 s\u2019appliquent \u00e0 tous nos devis et livraisons. Fiets-O-Fit BV fournit exclusivement des entreprises inscrites aupr\u00e8s de la chambre de commerce. Sur demande, les conditions de livraison sont envoy\u00e9es gracieusement.","protected":false},"author":1,"featured_media":0,"parent":0,"menu_order":0,"comment_status":"closed","ping_status":"closed","template":"","meta":{"_acf_changed":false,"footnotes":""},"class_list":["post-8585","page","type-page","status-publish","hentry"],"acf":[],"yoast_head":"<!-- This site is optimized with the Yoast SEO plugin v27.3 - https:\/\/yoast.com\/product\/yoast-seo-wordpress\/ -->\n<title>Algemene voorwaarden - Fiets-O-Fit<\/title>\n<meta name=\"robots\" content=\"index, follow, max-snippet:-1, max-image-preview:large, max-video-preview:-1\" \/>\n<link rel=\"canonical\" href=\"https:\/\/fiets-o-fit.nl\/fr\/conditions-generales\/\" \/>\n<meta property=\"og:locale\" content=\"fr_FR\" \/>\n<meta property=\"og:type\" content=\"article\" \/>\n<meta property=\"og:title\" content=\"Algemene voorwaarden - Fiets-O-Fit\" \/>\n<meta property=\"og:url\" content=\"https:\/\/fiets-o-fit.nl\/fr\/conditions-generales\/\" \/>\n<meta property=\"og:site_name\" content=\"Fiets-O-Fit\" \/>\n<meta property=\"article:modified_time\" content=\"2019-05-10T13:08:00+00:00\" \/>\n<meta name=\"twitter:card\" content=\"summary_large_image\" \/>\n<meta name=\"twitter:label1\" content=\"Dur\u00e9e de lecture estim\u00e9e\" \/>\n\t<meta name=\"twitter:data1\" content=\"1 minute\" \/>\n<script type=\"application\/ld+json\" class=\"yoast-schema-graph\">{\"@context\":\"https:\\\/\\\/schema.org\",\"@graph\":[{\"@type\":\"WebPage\",\"@id\":\"https:\\\/\\\/fiets-o-fit.nl\\\/fr\\\/conditions-generales\\\/\",\"url\":\"https:\\\/\\\/fiets-o-fit.nl\\\/fr\\\/conditions-generales\\\/\",\"name\":\"Algemene voorwaarden - Fiets-O-Fit\",\"isPartOf\":{\"@id\":\"https:\\\/\\\/fiets-o-fit.nl\\\/de\\\/#website\"},\"datePublished\":\"2019-05-10T13:04:19+00:00\",\"dateModified\":\"2019-05-10T13:08:00+00:00\",\"breadcrumb\":{\"@id\":\"https:\\\/\\\/fiets-o-fit.nl\\\/fr\\\/conditions-generales\\\/#breadcrumb\"},\"inLanguage\":\"fr-FR\",\"potentialAction\":[{\"@type\":\"ReadAction\",\"target\":[\"https:\\\/\\\/fiets-o-fit.nl\\\/fr\\\/conditions-generales\\\/\"]}]},{\"@type\":\"BreadcrumbList\",\"@id\":\"https:\\\/\\\/fiets-o-fit.nl\\\/fr\\\/conditions-generales\\\/#breadcrumb\",\"itemListElement\":[{\"@type\":\"ListItem\",\"position\":1,\"name\":\"Home\",\"item\":\"https:\\\/\\\/fiets-o-fit.nl\\\/fr\\\/\"},{\"@type\":\"ListItem\",\"position\":2,\"name\":\"Algemene voorwaarden\"}]},{\"@type\":\"WebSite\",\"@id\":\"https:\\\/\\\/fiets-o-fit.nl\\\/de\\\/#website\",\"url\":\"https:\\\/\\\/fiets-o-fit.nl\\\/de\\\/\",\"name\":\"Fiets-O-Fit\",\"description\":\"Internationale Groothandel in o.a. smeermiddelen en fietsonderdelen\",\"potentialAction\":[{\"@type\":\"SearchAction\",\"target\":{\"@type\":\"EntryPoint\",\"urlTemplate\":\"https:\\\/\\\/fiets-o-fit.nl\\\/de\\\/?s={search_term_string}\"},\"query-input\":{\"@type\":\"PropertyValueSpecification\",\"valueRequired\":true,\"valueName\":\"search_term_string\"}}],\"inLanguage\":\"fr-FR\"}]}<\/script>\n<!-- \/ Yoast SEO plugin. -->","yoast_head_json":{"title":"Algemene voorwaarden - Fiets-O-Fit","robots":{"index":"index","follow":"follow","max-snippet":"max-snippet:-1","max-image-preview":"max-image-preview:large","max-video-preview":"max-video-preview:-1"},"canonical":"https:\/\/fiets-o-fit.nl\/fr\/conditions-generales\/","og_locale":"fr_FR","og_type":"article","og_title":"Algemene voorwaarden - Fiets-O-Fit","og_url":"https:\/\/fiets-o-fit.nl\/fr\/conditions-generales\/","og_site_name":"Fiets-O-Fit","article_modified_time":"2019-05-10T13:08:00+00:00","twitter_card":"summary_large_image","twitter_misc":{"Dur\u00e9e de lecture estim\u00e9e":"1 minute"},"schema":{"@context":"https:\/\/schema.org","@graph":[{"@type":"WebPage","@id":"https:\/\/fiets-o-fit.nl\/fr\/conditions-generales\/","url":"https:\/\/fiets-o-fit.nl\/fr\/conditions-generales\/","name":"Algemene voorwaarden - Fiets-O-Fit","isPartOf":{"@id":"https:\/\/fiets-o-fit.nl\/de\/#website"},"datePublished":"2019-05-10T13:04:19+00:00","dateModified":"2019-05-10T13:08:00+00:00","breadcrumb":{"@id":"https:\/\/fiets-o-fit.nl\/fr\/conditions-generales\/#breadcrumb"},"inLanguage":"fr-FR","potentialAction":[{"@type":"ReadAction","target":["https:\/\/fiets-o-fit.nl\/fr\/conditions-generales\/"]}]},{"@type":"BreadcrumbList","@id":"https:\/\/fiets-o-fit.nl\/fr\/conditions-generales\/#breadcrumb","itemListElement":[{"@type":"ListItem","position":1,"name":"Home","item":"https:\/\/fiets-o-fit.nl\/fr\/"},{"@type":"ListItem","position":2,"name":"Algemene voorwaarden"}]},{"@type":"WebSite","@id":"https:\/\/fiets-o-fit.nl\/de\/#website","url":"https:\/\/fiets-o-fit.nl\/de\/","name":"Fiets-O-Fit","description":"Internationale Groothandel in o.a. smeermiddelen en fietsonderdelen","potentialAction":[{"@type":"SearchAction","target":{"@type":"EntryPoint","urlTemplate":"https:\/\/fiets-o-fit.nl\/de\/?s={search_term_string}"},"query-input":{"@type":"PropertyValueSpecification","valueRequired":true,"valueName":"search_term_string"}}],"inLanguage":"fr-FR"}]}},"_links":{"self":[{"href":"https:\/\/fiets-o-fit.nl\/fr\/wp-json\/wp\/v2\/pages\/8585","targetHints":{"allow":["GET"]}}],"collection":[{"href":"https:\/\/fiets-o-fit.nl\/fr\/wp-json\/wp\/v2\/pages"}],"about":[{"href":"https:\/\/fiets-o-fit.nl\/fr\/wp-json\/wp\/v2\/types\/page"}],"author":[{"embeddable":true,"href":"https:\/\/fiets-o-fit.nl\/fr\/wp-json\/wp\/v2\/users\/1"}],"replies":[{"embeddable":true,"href":"https:\/\/fiets-o-fit.nl\/fr\/wp-json\/wp\/v2\/comments?post=8585"}],"version-history":[{"count":0,"href":"https:\/\/fiets-o-fit.nl\/fr\/wp-json\/wp\/v2\/pages\/8585\/revisions"}],"wp:attachment":[{"href":"https:\/\/fiets-o-fit.nl\/fr\/wp-json\/wp\/v2\/media?parent=8585"}],"curies":[{"name":"wp","href":"https:\/\/api.w.org\/{rel}","templated":true}]}}